{"id":42,"date":"2022-01-29T12:23:32","date_gmt":"2022-01-29T12:23:32","guid":{"rendered":"http:\/\/fastwpdemo.com\/newwp\/ambons\/?page_id=42"},"modified":"2023-09-06T14:21:00","modified_gmt":"2023-09-06T14:21:00","slug":"testimonials-block-01","status":"publish","type":"page","link":"https:\/\/andalex-constanta.ro\/index.php\/testimonials-block-01\/","title":{"rendered":"Testimonials Block 01"},"content":{"rendered":"\t\t<div data-elementor-type=\"wp-page\" data-elementor-id=\"42\" class=\"elementor elementor-42\">\n\t\t\t\t\t\t<section class=\"elementor-section elementor-top-section elementor-element elementor-element-095d806 elementor-section-full_width elementor-section-height-default elementor-section-height-default\" data-id=\"095d806\" data-element_type=\"section\">\n\t\t\t\t\t\t<div class=\"elementor-container elementor-column-gap-default\">\n\t\t\t\t\t<div class=\"elementor-column elementor-col-100 elementor-top-column elementor-element elementor-element-e0aa21b\" data-id=\"e0aa21b\" data-element_type=\"column\">\n\t\t\t<div class=\"elementor-widget-wrap elementor-element-populated\">\n\t\t\t\t\t\t<div class=\"elementor-element elementor-element-9812c4e elementor-widget elementor-widget-ambons_our_testimonials\" data-id=\"9812c4e\" data-element_type=\"widget\" data-widget_type=\"ambons_our_testimonials.default\">\n\t\t\t\t<div class=\"elementor-widget-container\">\n\t\t\t        \n        <!--Start Testimonial Style1 Area-->\n        <section class=\"testimonial-style1-area testimonial-element-page1\">\n                        <div class=\"shape wow slideInRight\" data-wow-delay=\"400ms\" data-wow-duration=\"3500ms\">\n                <img decoding=\"async\" class=\"zoom-fade\" src=\"https:\/\/andalex-constanta.ro\/wp-content\/uploads\/2022\/03\/shape-1.png\" alt=\"Awesome Image\">\n            <\/div>\n                        <div class=\"container\">\n                <div class=\"row\">\n                    <div class=\"col-xl-12\">\n                        <div class=\"testimonial-style1-content\">\n                            <div class=\"bg-color\"><\/div>\n                            <div class=\"theme_carousel testimonial-carousel owl-theme owl-carousel owl-nav-style-one\"\n                                data-options='{\n                                    \"loop\": true, \n                                    \"margin\": 0, \n                                    \"autoheight\":true, \n                                    \"lazyload\":true, \n                                    \"nav\": true, \n                                    \"dots\": false, \n                                    \"autoplay\": true, \n                                    \"autoplayTimeout\": 5000, \n                                    \"smartSpeed\": 500, \n                                    \"navText\": [\"<span class=\\\"left icon-next\\\"><\/span>\",\n                                    \"<span class=\\\"right icon-next\\\"><\/span>\"], \n                                    \"responsive\":{ \n                                    \"0\" :{ \"items\": \"1\" }, \n                                    \"600\" :{ \"items\" : \"1\" }, \n                                    \"768\" :{ \"items\" : \"1\" }, \n                                    \"992\":{ \"items\" : \"1\" }, \n                                    \"1200\":{ \"items\" : \"1\" }\n                                    }\n                                }'>\n\t\t\t\t\t\t\t\t                                <!--Start Single Testimonial Style1-->\n                                <div class=\"single-testimonial-style1\">\n                                    <div class=\"img-holder\">\n                                        \t\t\t\t\t\t\t\t\t\t<img fetchpriority=\"high\" decoding=\"async\" width=\"480\" height=\"335\" src=\"https:\/\/andalex-constanta.ro\/wp-content\/uploads\/2023\/10\/7012c33e-3848-47c6-9677-83e3457bc9e8-1-480x335.jpg\" class=\"attachment-ambons_480x335 size-ambons_480x335 wp-post-image\" alt=\"\" \/>                                        <div class=\"overlay-content\">\n                                            <div class=\"quote-icon\">\n                                                <img decoding=\"async\" src=\"https:\/\/andalex-constanta.ro\/wp-content\/themes\/ambons\/assets\/images\/icon\/quote.png\" alt=\"Awesome Image\">\n                                            <\/div>\n                                        <\/div>\n                                                                                <div class=\"review-box\">\n                                            <ul>\n                                                <li><i class=\"fa fa-star\"><\/i><\/li><li><i class=\"fa fa-star\"><\/i><\/li><li><i class=\"fa fa-star\"><\/i><\/li><li><i class=\"fa fa-star\"><\/i><\/li><li><i class=\"fa fa-star\"><\/i><\/li>                                            <\/ul>\n                                        <\/div>\n                                    <\/div>\n                                    <div class=\"text-holder\">\n                                        <div class=\"sec-title sec-title--style2\">\n                                            <div class=\"icon\">\n                                                <span class=\"icon-heartbeat\"><\/span>\n                                            <\/div>\n                                            <div class=\"sub-title\">\n                                                <h3>Transport medical<\/h3>\n                                            <\/div>\n                                            <h2>Akal B<\/h2>\n                                        <\/div>\n                                        <div class=\"text\">\n                                            <p>Vineri am transportat-o pe mama de la spitalul Judetean C-ta la adresa de domiciliu.Curatenie \u00een ambulant\u0101 si comportament frumos al echipajului!<\/p>\n                                            <h3>Akal B<span> Pacient<\/span><\/h3>\n                                        <\/div>\n                                    <\/div>\n                                <\/div>\n                                <!--End Single Testimonial Style1-->\n\t\t\t\t\t\t\t\t                                <!--Start Single Testimonial Style1-->\n                                <div class=\"single-testimonial-style1\">\n                                    <div class=\"img-holder\">\n                                        \t\t\t\t\t\t\t\t\t\t<img decoding=\"async\" width=\"480\" height=\"335\" src=\"https:\/\/andalex-constanta.ro\/wp-content\/uploads\/2023\/10\/9a535121-48b3-4ba9-8932-dc79dcdf8105-1-480x335.jpg\" class=\"attachment-ambons_480x335 size-ambons_480x335 wp-post-image\" alt=\"\" \/>                                        <div class=\"overlay-content\">\n                                            <div class=\"quote-icon\">\n                                                <img decoding=\"async\" src=\"https:\/\/andalex-constanta.ro\/wp-content\/themes\/ambons\/assets\/images\/icon\/quote.png\" alt=\"Awesome Image\">\n                                            <\/div>\n                                        <\/div>\n                                                                                <div class=\"review-box\">\n                                            <ul>\n                                                <li><i class=\"fa fa-star\"><\/i><\/li><li><i class=\"fa fa-star\"><\/i><\/li><li><i class=\"fa fa-star\"><\/i><\/li><li><i class=\"fa fa-star\"><\/i><\/li><li><i class=\"fa fa-star\"><\/i><\/li>                                            <\/ul>\n                                        <\/div>\n                                    <\/div>\n                                    <div class=\"text-holder\">\n                                        <div class=\"sec-title sec-title--style2\">\n                                            <div class=\"icon\">\n                                                <span class=\"icon-heartbeat\"><\/span>\n                                            <\/div>\n                                            <div class=\"sub-title\">\n                                                <h3><\/h3>\n                                            <\/div>\n                                            <h2>Malina Dinu<\/h2>\n                                        <\/div>\n                                        <div class=\"text\">\n                                            <p>Am apelat la serviciul de transport pacienta externata, dificil de transportat, din Spitalul Jude\u021bean la domiciliu. Totul a fost profesional \u0219i empatic, \u00eencep\u00e2nd cu doamna care a r\u0103spuns la apel, domnii din ambulanta, cur\u0103\u021benia \u0219i condi\u021biile de transport. ...<\/p>\n                                            <h3>Malina Dinu<span> Pacient<\/span><\/h3>\n                                        <\/div>\n                                    <\/div>\n                                <\/div>\n                                <!--End Single Testimonial Style1-->\n\t\t\t\t\t\t\t\t                                <!--Start Single Testimonial Style1-->\n                                <div class=\"single-testimonial-style1\">\n                                    <div class=\"img-holder\">\n                                        \t\t\t\t\t\t\t\t\t\t<img decoding=\"async\" width=\"480\" height=\"335\" src=\"https:\/\/andalex-constanta.ro\/wp-content\/uploads\/2023\/10\/905da8f7-53f6-4160-9526-d07ab7aa6696-1-480x335.jpg\" class=\"attachment-ambons_480x335 size-ambons_480x335 wp-post-image\" alt=\"\" \/>                                        <div class=\"overlay-content\">\n                                            <div class=\"quote-icon\">\n                                                <img decoding=\"async\" src=\"https:\/\/andalex-constanta.ro\/wp-content\/themes\/ambons\/assets\/images\/icon\/quote.png\" alt=\"Awesome Image\">\n                                            <\/div>\n                                        <\/div>\n                                                                                <div class=\"review-box\">\n                                            <ul>\n                                                <li><i class=\"fa fa-star\"><\/i><\/li><li><i class=\"fa fa-star\"><\/i><\/li><li><i class=\"fa fa-star\"><\/i><\/li><li><i class=\"fa fa-star\"><\/i><\/li><li><i class=\"fa fa-star\"><\/i><\/li>                                            <\/ul>\n                                        <\/div>\n                                    <\/div>\n                                    <div class=\"text-holder\">\n                                        <div class=\"sec-title sec-title--style2\">\n                                            <div class=\"icon\">\n                                                <span class=\"icon-heartbeat\"><\/span>\n                                            <\/div>\n                                            <div class=\"sub-title\">\n                                                <h3><\/h3>\n                                            <\/div>\n                                            <h2>Mioara C<\/h2>\n                                        <\/div>\n                                        <div class=\"text\">\n                                            <p>Punctuali \u0219i responsabili&#8230;.Mul\u021bumesc serviciilor prestate!<\/p>\n                                            <h3>Mioara C<span> Pacient<\/span><\/h3>\n                                        <\/div>\n                                    <\/div>\n                                <\/div>\n                                <!--End Single Testimonial Style1-->\n\t\t\t\t\t\t\t\t                            <\/div>\n                        <\/div>\n                    <\/div>\n                <\/div>\n            <\/div>\n        <\/section>\n        <!--End Testimonial Style1 Area-->\n               \n\t\t\t\t<\/div>\n\t\t\t\t<\/div>\n\t\t\t\t\t<\/div>\n\t\t<\/div>\n\t\t\t\t\t<\/div>\n\t\t<\/section>\n\t\t\t\t<section class=\"elementor-section elementor-top-section elementor-element elementor-element-2230df6 elementor-section-full_width elementor-section-height-default elementor-section-height-default\" data-id=\"2230df6\" data-element_type=\"section\">\n\t\t\t\t\t\t<div class=\"elementor-container elementor-column-gap-default\">\n\t\t\t\t\t<div class=\"elementor-column elementor-col-100 elementor-top-column elementor-element elementor-element-906d095\" data-id=\"906d095\" data-element_type=\"column\">\n\t\t\t<div class=\"elementor-widget-wrap elementor-element-populated\">\n\t\t\t\t\t\t<div class=\"elementor-element elementor-element-747e818 elementor-widget elementor-widget-ambons_partners\" data-id=\"747e818\" data-element_type=\"widget\" data-widget_type=\"ambons_partners.default\">\n\t\t\t\t<div class=\"elementor-widget-container\">\n\t\t\t    \n    <!--Start Partner Area-->\n    <section class=\"partner-area pdtop120\">\n        <div class=\"container\">        \n            <div class=\"brand-content\">           \n                <div class=\"inner\" data-aos=\"slide-up\" data-aos-easing=\"linear\" data-aos-duration=\"1000\">                \n                    <ul class=\"partner-box partner-carousel owl-carousel owl-theme owl-dot-style1 rtl-carousel\">                    \n                    \t                    \n                        <!--Start Single Partner Logo Box-->\n                        <li class=\"single-partner-logo-box\">                        \n                            <a href=\"#\"><img decoding=\"async\" src=\"http:\/\/fastwpdemo.com\/newwp\/ambons\/wp-content\/uploads\/2022\/02\/brand-logo-1.png\" alt=\"Awesome Image\"><\/a>                            \n                        <\/li>\n                        <!--End Single Partner Logo Box-->                        \n                                            \n                        <!--Start Single Partner Logo Box-->\n                        <li class=\"single-partner-logo-box\">                        \n                            <a href=\"#\"><img decoding=\"async\" src=\"http:\/\/fastwpdemo.com\/newwp\/ambons\/wp-content\/uploads\/2022\/02\/brand-logo-2.png\" alt=\"Awesome Image\"><\/a>                            \n                        <\/li>\n                        <!--End Single Partner Logo Box-->                        \n                                            \n                        <!--Start Single Partner Logo Box-->\n                        <li class=\"single-partner-logo-box\">                        \n                            <a href=\"#\"><img decoding=\"async\" src=\"http:\/\/fastwpdemo.com\/newwp\/ambons\/wp-content\/uploads\/2022\/02\/brand-logo-3.png\" alt=\"Awesome Image\"><\/a>                            \n                        <\/li>\n                        <!--End Single Partner Logo Box-->                        \n                                            \n                        <!--Start Single Partner Logo Box-->\n                        <li class=\"single-partner-logo-box\">                        \n                            <a href=\"#\"><img decoding=\"async\" src=\"http:\/\/fastwpdemo.com\/newwp\/ambons\/wp-content\/uploads\/2022\/02\/brand-logo-4.png\" alt=\"Awesome Image\"><\/a>                            \n                        <\/li>\n                        <!--End Single Partner Logo Box-->                        \n                                            \n                        <!--Start Single Partner Logo Box-->\n                        <li class=\"single-partner-logo-box\">                        \n                            <a href=\"#\"><img decoding=\"async\" src=\"http:\/\/fastwpdemo.com\/newwp\/ambons\/wp-content\/uploads\/2022\/02\/brand-logo-5.png\" alt=\"Awesome Image\"><\/a>                            \n                        <\/li>\n                        <!--End Single Partner Logo Box-->                        \n                                            <\/ul>\n                <\/div>\n            <\/div>\n        <\/div>\n    <\/section>\n    <!--End Partner Area-->\n    \n\t\t\t<\/div>\n\t\t\t\t<\/div>\n\t\t\t\t\t<\/div>\n\t\t<\/div>\n\t\t\t\t\t<\/div>\n\t\t<\/section>\n\t\t\t\t<\/div>\n\t\t","protected":false},"excerpt":{"rendered":"<p>&#8222;, &#8222;&#8221;], &#8222;responsive&#8221;:{ &#8222;0&#8221; :{ &#8222;items&#8221;: &#8222;1&#8221; }, &#8222;600&#8221; :{ &#8222;items&#8221; : &#8222;1&#8221; }, &#8222;768&#8221; :{ &#8222;items&#8221; : &#8222;1&#8221; }, &#8222;992&#8221;:{ &#8222;items&#8221; : &#8222;1&#8221; }, &#8222;1200&#8221;:{ &#8222;items&#8221; : &#8222;1&#8221; } } }&#8217;> Our Testimonials What They Say This is due to their excellent service, competitive pricing and customer support. It\u2019s throughly refresing to get such [&hellip;]<\/p>\n","protected":false},"author":1,"featured_media":0,"parent":0,"menu_order":0,"comment_status":"closed","ping_status":"closed","template":"tpl-default-elementor.php","meta":{"footnotes":""},"yoast_head":"<!-- This site is optimized with the Yoast SEO plugin v21.4 - https:\/\/yoast.com\/wordpress\/plugins\/seo\/ -->\n<title>Testimonials Block 01 - Ambulanta Andalex<\/title>\n<meta name=\"robots\" content=\"index, follow, max-snippet:-1, max-image-preview:large, max-video-preview:-1\" \/>\n<link rel=\"canonical\" href=\"https:\/\/andalex-constanta.ro\/index.php\/testimonials-block-01\/\" \/>\n<meta property=\"og:locale\" content=\"ro_RO\" \/>\n<meta property=\"og:type\" content=\"article\" \/>\n<meta property=\"og:title\" content=\"Testimonials Block 01 - Ambulanta Andalex\" \/>\n<meta property=\"og:description\" content=\"&#8222;, &#8222;&#8221;], &#8222;responsive&#8221;:{ &#8222;0&#8221; :{ &#8222;items&#8221;: &#8222;1&#8221; }, &#8222;600&#8221; :{ &#8222;items&#8221; : &#8222;1&#8221; }, &#8222;768&#8221; :{ &#8222;items&#8221; : &#8222;1&#8221; }, &#8222;992&#8221;:{ &#8222;items&#8221; : &#8222;1&#8221; }, &#8222;1200&#8221;:{ &#8222;items&#8221; : &#8222;1&#8221; } } }&#8217;&gt; Our Testimonials What They Say This is due to their excellent service, competitive pricing and customer support. It\u2019s throughly refresing to get such [&hellip;]\" \/>\n<meta property=\"og:url\" content=\"https:\/\/andalex-constanta.ro\/index.php\/testimonials-block-01\/\" \/>\n<meta property=\"og:site_name\" content=\"Ambulanta Andalex\" \/>\n<meta property=\"article:modified_time\" content=\"2023-09-06T14:21:00+00:00\" \/>\n<meta property=\"og:image\" content=\"https:\/\/andalex-constanta.ro\/wp-content\/uploads\/2022\/03\/shape-1.png\" \/>\n<meta name=\"twitter:card\" content=\"summary_large_image\" \/>\n<script type=\"application\/ld+json\" class=\"yoast-schema-graph\">{\"@context\":\"https:\/\/schema.org\",\"@graph\":[{\"@type\":\"WebPage\",\"@id\":\"https:\/\/andalex-constanta.ro\/index.php\/testimonials-block-01\/\",\"url\":\"https:\/\/andalex-constanta.ro\/index.php\/testimonials-block-01\/\",\"name\":\"Testimonials Block 01 - Ambulanta Andalex\",\"isPartOf\":{\"@id\":\"https:\/\/andalex-constanta.ro\/#website\"},\"datePublished\":\"2022-01-29T12:23:32+00:00\",\"dateModified\":\"2023-09-06T14:21:00+00:00\",\"breadcrumb\":{\"@id\":\"https:\/\/andalex-constanta.ro\/index.php\/testimonials-block-01\/#breadcrumb\"},\"inLanguage\":\"ro-RO\",\"potentialAction\":[{\"@type\":\"ReadAction\",\"target\":[\"https:\/\/andalex-constanta.ro\/index.php\/testimonials-block-01\/\"]}]},{\"@type\":\"BreadcrumbList\",\"@id\":\"https:\/\/andalex-constanta.ro\/index.php\/testimonials-block-01\/#breadcrumb\",\"itemListElement\":[{\"@type\":\"ListItem\",\"position\":1,\"name\":\"Prima pagin\u0103\",\"item\":\"https:\/\/andalex-constanta.ro\/\"},{\"@type\":\"ListItem\",\"position\":2,\"name\":\"Testimonials Block 01\"}]},{\"@type\":\"WebSite\",\"@id\":\"https:\/\/andalex-constanta.ro\/#website\",\"url\":\"https:\/\/andalex-constanta.ro\/\",\"name\":\"Andalex Assist Med Constanta\",\"description\":\"\",\"publisher\":{\"@id\":\"https:\/\/andalex-constanta.ro\/#organization\"},\"potentialAction\":[{\"@type\":\"SearchAction\",\"target\":{\"@type\":\"EntryPoint\",\"urlTemplate\":\"https:\/\/andalex-constanta.ro\/?s={search_term_string}\"},\"query-input\":\"required name=search_term_string\"}],\"inLanguage\":\"ro-RO\"},{\"@type\":\"Organization\",\"@id\":\"https:\/\/andalex-constanta.ro\/#organization\",\"name\":\"Assist Med SRL\",\"url\":\"https:\/\/andalex-constanta.ro\/\",\"logo\":{\"@type\":\"ImageObject\",\"inLanguage\":\"ro-RO\",\"@id\":\"https:\/\/andalex-constanta.ro\/#\/schema\/logo\/image\/\",\"url\":\"https:\/\/andalex-constanta.ro\/wp-content\/uploads\/2023\/09\/cropped-Logo-Andalex-Assist-Med-cu-rosu-page-001-1.jpg\",\"contentUrl\":\"https:\/\/andalex-constanta.ro\/wp-content\/uploads\/2023\/09\/cropped-Logo-Andalex-Assist-Med-cu-rosu-page-001-1.jpg\",\"width\":701,\"height\":250,\"caption\":\"Assist Med SRL\"},\"image\":{\"@id\":\"https:\/\/andalex-constanta.ro\/#\/schema\/logo\/image\/\"}}]}<\/script>\n<!-- \/ Yoast SEO plugin. -->","yoast_head_json":{"title":"Testimonials Block 01 - Ambulanta Andalex","robots":{"index":"index","follow":"follow","max-snippet":"max-snippet:-1","max-image-preview":"max-image-preview:large","max-video-preview":"max-video-preview:-1"},"canonical":"https:\/\/andalex-constanta.ro\/index.php\/testimonials-block-01\/","og_locale":"ro_RO","og_type":"article","og_title":"Testimonials Block 01 - Ambulanta Andalex","og_description":"&#8222;, &#8222;&#8221;], &#8222;responsive&#8221;:{ &#8222;0&#8221; :{ &#8222;items&#8221;: &#8222;1&#8221; }, &#8222;600&#8221; :{ &#8222;items&#8221; : &#8222;1&#8221; }, &#8222;768&#8221; :{ &#8222;items&#8221; : &#8222;1&#8221; }, &#8222;992&#8221;:{ &#8222;items&#8221; : &#8222;1&#8221; }, &#8222;1200&#8221;:{ &#8222;items&#8221; : &#8222;1&#8221; } } }&#8217;> Our Testimonials What They Say This is due to their excellent service, competitive pricing and customer support. It\u2019s throughly refresing to get such [&hellip;]","og_url":"https:\/\/andalex-constanta.ro\/index.php\/testimonials-block-01\/","og_site_name":"Ambulanta Andalex","article_modified_time":"2023-09-06T14:21:00+00:00","og_image":[{"url":"https:\/\/andalex-constanta.ro\/wp-content\/uploads\/2022\/03\/shape-1.png"}],"twitter_card":"summary_large_image","schema":{"@context":"https:\/\/schema.org","@graph":[{"@type":"WebPage","@id":"https:\/\/andalex-constanta.ro\/index.php\/testimonials-block-01\/","url":"https:\/\/andalex-constanta.ro\/index.php\/testimonials-block-01\/","name":"Testimonials Block 01 - Ambulanta Andalex","isPartOf":{"@id":"https:\/\/andalex-constanta.ro\/#website"},"datePublished":"2022-01-29T12:23:32+00:00","dateModified":"2023-09-06T14:21:00+00:00","breadcrumb":{"@id":"https:\/\/andalex-constanta.ro\/index.php\/testimonials-block-01\/#breadcrumb"},"inLanguage":"ro-RO","potentialAction":[{"@type":"ReadAction","target":["https:\/\/andalex-constanta.ro\/index.php\/testimonials-block-01\/"]}]},{"@type":"BreadcrumbList","@id":"https:\/\/andalex-constanta.ro\/index.php\/testimonials-block-01\/#breadcrumb","itemListElement":[{"@type":"ListItem","position":1,"name":"Prima pagin\u0103","item":"https:\/\/andalex-constanta.ro\/"},{"@type":"ListItem","position":2,"name":"Testimonials Block 01"}]},{"@type":"WebSite","@id":"https:\/\/andalex-constanta.ro\/#website","url":"https:\/\/andalex-constanta.ro\/","name":"Andalex Assist Med Constanta","description":"","publisher":{"@id":"https:\/\/andalex-constanta.ro\/#organization"},"potentialAction":[{"@type":"SearchAction","target":{"@type":"EntryPoint","urlTemplate":"https:\/\/andalex-constanta.ro\/?s={search_term_string}"},"query-input":"required name=search_term_string"}],"inLanguage":"ro-RO"},{"@type":"Organization","@id":"https:\/\/andalex-constanta.ro\/#organization","name":"Assist Med SRL","url":"https:\/\/andalex-constanta.ro\/","logo":{"@type":"ImageObject","inLanguage":"ro-RO","@id":"https:\/\/andalex-constanta.ro\/#\/schema\/logo\/image\/","url":"https:\/\/andalex-constanta.ro\/wp-content\/uploads\/2023\/09\/cropped-Logo-Andalex-Assist-Med-cu-rosu-page-001-1.jpg","contentUrl":"https:\/\/andalex-constanta.ro\/wp-content\/uploads\/2023\/09\/cropped-Logo-Andalex-Assist-Med-cu-rosu-page-001-1.jpg","width":701,"height":250,"caption":"Assist Med SRL"},"image":{"@id":"https:\/\/andalex-constanta.ro\/#\/schema\/logo\/image\/"}}]}},"_links":{"self":[{"href":"https:\/\/andalex-constanta.ro\/index.php\/wp-json\/wp\/v2\/pages\/42"}],"collection":[{"href":"https:\/\/andalex-constanta.ro\/index.php\/wp-json\/wp\/v2\/pages"}],"about":[{"href":"https:\/\/andalex-constanta.ro\/index.php\/wp-json\/wp\/v2\/types\/page"}],"author":[{"embeddable":true,"href":"https:\/\/andalex-constanta.ro\/index.php\/wp-json\/wp\/v2\/users\/1"}],"replies":[{"embeddable":true,"href":"https:\/\/andalex-constanta.ro\/index.php\/wp-json\/wp\/v2\/comments?post=42"}],"version-history":[{"count":1,"href":"https:\/\/andalex-constanta.ro\/index.php\/wp-json\/wp\/v2\/pages\/42\/revisions"}],"predecessor-version":[{"id":1516,"href":"https:\/\/andalex-constanta.ro\/index.php\/wp-json\/wp\/v2\/pages\/42\/revisions\/1516"}],"wp:attachment":[{"href":"https:\/\/andalex-constanta.ro\/index.php\/wp-json\/wp\/v2\/media?parent=42"}],"curies":[{"name":"wp","href":"https:\/\/api.w.org\/{rel}","templated":true}]}}